{"id":8,"date":"2025-12-10T15:01:55","date_gmt":"2025-12-10T15:01:55","guid":{"rendered":"https:\/\/nias.aranyoldalak.hu\/index.php\/kosar\/"},"modified":"2026-01-06T09:59:31","modified_gmt":"2026-01-06T09:59:31","slug":"kosar","status":"publish","type":"page","link":"https:\/\/nias.aranyoldalak.hu\/index.php\/kosar\/","title":{"rendered":"Kos\u00e1r"},"content":{"rendered":"\n<div data-block-name=\"woocommerce\/cart\" class=\"wp-block-woocommerce-cart alignwide is-loading\">\n<div data-block-name=\"woocommerce\/filled-cart-block\" class=\"wp-block-woocommerce-filled-cart-block\">\n<div data-block-name=\"woocommerce\/cart-items-block\" class=\"wp-block-woocommerce-cart-items-block\">\n<div data-block-name=\"woocommerce\/cart-line-items-block\" class=\"wp-block-woocommerce-cart-line-items-block\"><\/div>\n\n\n<\/div>\n\n\n\n\n<div data-block-name=\"woocommerce\/cart-totals-block\" class=\"wp-block-woocommerce-cart-totals-block\">\n<div data-block-name=\"woocommerce\/cart-order-summary-block\" class=\"wp-block-woocommerce-cart-order-summary-block\">\n<div data-block-name=\"woocommerce\/cart-order-summary-heading-block\" class=\"wp-block-woocommerce-cart-order-summary-heading-block\"><\/div><div data-block-name=\"woocommerce\/cart-order-summary-coupon-form-block\" class=\"wp-block-woocommerce-cart-order-summary-coupon-form-block\"><\/div><div data-block-name=\"woocommerce\/cart-order-summary-totals-block\" class=\"wp-block-woocommerce-cart-order-summary-totals-block\">\n<div data-block-name=\"woocommerce\/cart-order-summary-subtotal-block\" class=\"wp-block-woocommerce-cart-order-summary-subtotal-block\"><\/div>\n<div data-block-name=\"woocommerce\/cart-order-summary-discount-block\" class=\"wp-block-woocommerce-cart-order-summary-discount-block\"><\/div>\n<div data-block-name=\"woocommerce\/cart-order-summary-fee-block\" class=\"wp-block-woocommerce-cart-order-summary-fee-block\"><\/div>\n<div data-block-name=\"woocommerce\/cart-order-summary-shipping-block\" class=\"wp-block-woocommerce-cart-order-summary-shipping-block\"><\/div>\n<div data-block-name=\"woocommerce\/cart-order-summary-taxes-block\" class=\"wp-block-woocommerce-cart-order-summary-taxes-block\"><\/div><\/div>\n<\/div>\n\n\n\n<div data-block-name=\"woocommerce\/cart-express-payment-block\" class=\"wp-block-woocommerce-cart-express-payment-block\"><\/div>\n\n\n\n<div data-block-name=\"woocommerce\/proceed-to-checkout-block\" class=\"wp-block-woocommerce-proceed-to-checkout-block\"><\/div>\n\n\n\n<div data-block-name=\"woocommerce\/cart-accepted-payment-methods-block\" class=\"wp-block-woocommerce-cart-accepted-payment-methods-block\"><\/div>\n<\/div>\n<\/div>\n\n\n\n<div data-block-name=\"woocommerce\/empty-cart-block\" class=\"wp-block-woocommerce-empty-cart-block\">\n<h2 class=\"wp-block-heading has-text-align-center with-empty-cart-icon wc-block-cart__empty-cart__title\">Jelenleg \u00fcres a kosarad.<\/h2>\n\n\n\n<hr class=\"wp-block-separator has-alpha-channel-opacity is-style-dots\"\/>\n\n\n\n<h2 class=\"wp-block-heading has-text-align-center\">\u00dajdons\u00e1gok<\/h2>\n\n\n<div data-block-name=\"woocommerce\/product-new\" data-columns=\"4\" data-rows=\"1\" class=\"wc-block-grid wp-block-product-new wp-block-woocommerce-product-new wc-block-product-new has-4-columns\"><ul class=\"wc-block-grid__products\"><li class=\"wc-block-grid__product\">\n\t\t\t\t<a href=\"https:\/\/nias.aranyoldalak.hu\/index.php\/termek\/puffasztott-rizs-sos-100g\/\" class=\"wc-block-grid__product-link\">\n\t\t\t\t\t\n\t\t\t\t\t<div class=\"wc-block-grid__product-image\"><img loading=\"lazy\" decoding=\"async\" width=\"300\" height=\"300\" src=\"https:\/\/nias.aranyoldalak.hu\/wp-content\/uploads\/2025\/12\/puffasztott-rizs-sos100g-300x300.png\" class=\"attachment-woocommerce_thumbnail size-woocommerce_thumbnail\" alt=\"Puffasztott Rizs S\u00f3s\" srcset=\"https:\/\/nias.aranyoldalak.hu\/wp-content\/uploads\/2025\/12\/puffasztott-rizs-sos100g-300x300.png 300w, https:\/\/nias.aranyoldalak.hu\/wp-content\/uploads\/2025\/12\/puffasztott-rizs-sos100g-150x150.png 150w, https:\/\/nias.aranyoldalak.hu\/wp-content\/uploads\/2025\/12\/puffasztott-rizs-sos100g-100x100.png 100w, https:\/\/nias.aranyoldalak.hu\/wp-content\/uploads\/2025\/12\/puffasztott-rizs-sos100g.png 500w\" sizes=\"auto, (max-width: 300px) 100vw, 300px\" \/><\/div>\n\t\t\t\t\t<div class=\"wc-block-grid__product-title\">Puffasztott rizs S\u00d3S 100G<\/div>\n\t\t\t\t<\/a>\n\t\t\t\t<div class=\"wc-block-grid__product-price price\"><span class=\"woocommerce-Price-amount amount\">300,00&nbsp;<span class=\"woocommerce-Price-currencySymbol\">&#070;&#116;<\/span><\/span><\/div>\n\t\t\t\t\n\t\t\t\t<div class=\"wp-block-button wc-block-grid__product-add-to-cart\"><a href=\"\/index.php\/wp-json\/wp\/v2\/pages\/8?add-to-cart=95\" aria-label=\"Kos\u00e1rba: &ldquo;Puffasztott rizs S\u00d3S 100G&rdquo;\" data-quantity=\"1\" data-product_id=\"95\" data-product_sku=\"\" data-price=\"300\" rel=\"nofollow\" class=\"wp-block-button__link wp-element-button add_to_cart_button ajax_add_to_cart\">Kos\u00e1rba teszem<\/a><\/div>\n\t\t\t<\/li><li class=\"wc-block-grid__product\">\n\t\t\t\t<a href=\"https:\/\/nias.aranyoldalak.hu\/index.php\/termek\/puffasztott-rizs-natur-100g\/\" class=\"wc-block-grid__product-link\">\n\t\t\t\t\t\n\t\t\t\t\t<div class=\"wc-block-grid__product-image\"><img loading=\"lazy\" decoding=\"async\" width=\"300\" height=\"300\" src=\"https:\/\/nias.aranyoldalak.hu\/wp-content\/uploads\/2025\/12\/puffasztott-rizs-natur-100g-300x300.png\" class=\"attachment-woocommerce_thumbnail size-woocommerce_thumbnail\" alt=\"Puffasztott Rizs Nat\u00far 100g\" srcset=\"https:\/\/nias.aranyoldalak.hu\/wp-content\/uploads\/2025\/12\/puffasztott-rizs-natur-100g-300x300.png 300w, https:\/\/nias.aranyoldalak.hu\/wp-content\/uploads\/2025\/12\/puffasztott-rizs-natur-100g-150x150.png 150w, https:\/\/nias.aranyoldalak.hu\/wp-content\/uploads\/2025\/12\/puffasztott-rizs-natur-100g-100x100.png 100w, https:\/\/nias.aranyoldalak.hu\/wp-content\/uploads\/2025\/12\/puffasztott-rizs-natur-100g.png 500w\" sizes=\"auto, (max-width: 300px) 100vw, 300px\" \/><\/div>\n\t\t\t\t\t<div class=\"wc-block-grid__product-title\">Puffasztott rizs NAT\u00daR 100G<\/div>\n\t\t\t\t<\/a>\n\t\t\t\t<div class=\"wc-block-grid__product-price price\"><span class=\"woocommerce-Price-amount amount\">300,00&nbsp;<span class=\"woocommerce-Price-currencySymbol\">&#070;&#116;<\/span><\/span><\/div>\n\t\t\t\t\n\t\t\t\t<div class=\"wp-block-button wc-block-grid__product-add-to-cart\"><a href=\"\/index.php\/wp-json\/wp\/v2\/pages\/8?add-to-cart=91\" aria-label=\"Kos\u00e1rba: &ldquo;Puffasztott rizs NAT\u00daR 100G&rdquo;\" data-quantity=\"1\" data-product_id=\"91\" data-product_sku=\"\" data-price=\"300\" rel=\"nofollow\" class=\"wp-block-button__link wp-element-button add_to_cart_button ajax_add_to_cart\">Kos\u00e1rba teszem<\/a><\/div>\n\t\t\t<\/li><li class=\"wc-block-grid__product\">\n\t\t\t\t<a href=\"https:\/\/nias.aranyoldalak.hu\/index.php\/termek\/puffasztott-rizs-kukoricas-sos-100g\/\" class=\"wc-block-grid__product-link\">\n\t\t\t\t\t\n\t\t\t\t\t<div class=\"wc-block-grid__product-image\"><img loading=\"lazy\" decoding=\"async\" width=\"300\" height=\"300\" src=\"https:\/\/nias.aranyoldalak.hu\/wp-content\/uploads\/2025\/12\/puffasztott-rizs-kukoricas-300x300.png\" class=\"attachment-woocommerce_thumbnail size-woocommerce_thumbnail\" alt=\"Puffasztott rizs kukoric\u00e1s S\u00d3S 100G\" srcset=\"https:\/\/nias.aranyoldalak.hu\/wp-content\/uploads\/2025\/12\/puffasztott-rizs-kukoricas-300x300.png 300w, https:\/\/nias.aranyoldalak.hu\/wp-content\/uploads\/2025\/12\/puffasztott-rizs-kukoricas-150x150.png 150w, https:\/\/nias.aranyoldalak.hu\/wp-content\/uploads\/2025\/12\/puffasztott-rizs-kukoricas-100x100.png 100w, https:\/\/nias.aranyoldalak.hu\/wp-content\/uploads\/2025\/12\/puffasztott-rizs-kukoricas.png 500w\" sizes=\"auto, (max-width: 300px) 100vw, 300px\" \/><\/div>\n\t\t\t\t\t<div class=\"wc-block-grid__product-title\">Puffasztott rizs kukoric\u00e1s S\u00d3S 100G<\/div>\n\t\t\t\t<\/a>\n\t\t\t\t<div class=\"wc-block-grid__product-price price\"><span class=\"woocommerce-Price-amount amount\">300,00&nbsp;<span class=\"woocommerce-Price-currencySymbol\">&#070;&#116;<\/span><\/span><\/div>\n\t\t\t\t\n\t\t\t\t<div class=\"wp-block-button wc-block-grid__product-add-to-cart\"><a href=\"\/index.php\/wp-json\/wp\/v2\/pages\/8?add-to-cart=90\" aria-label=\"Kos\u00e1rba: &ldquo;Puffasztott rizs kukoric\u00e1s S\u00d3S 100G&rdquo;\" data-quantity=\"1\" data-product_id=\"90\" data-product_sku=\"\" data-price=\"300\" rel=\"nofollow\" class=\"wp-block-button__link wp-element-button add_to_cart_button ajax_add_to_cart\">Kos\u00e1rba teszem<\/a><\/div>\n\t\t\t<\/li><li class=\"wc-block-grid__product\">\n\t\t\t\t<a href=\"https:\/\/nias.aranyoldalak.hu\/index.php\/termek\/puffasztott-rizs-kukoricas-natur-100g\/\" class=\"wc-block-grid__product-link\">\n\t\t\t\t\t\n\t\t\t\t\t<div class=\"wc-block-grid__product-image\"><img loading=\"lazy\" decoding=\"async\" width=\"300\" height=\"300\" src=\"https:\/\/nias.aranyoldalak.hu\/wp-content\/uploads\/2025\/12\/puffasztott-rizs-kukoricas-natur-100g-300x300.png\" class=\"attachment-woocommerce_thumbnail size-woocommerce_thumbnail\" alt=\"Puffasztott rizs nat\u00far kukoric\u00e1s 100g\" srcset=\"https:\/\/nias.aranyoldalak.hu\/wp-content\/uploads\/2025\/12\/puffasztott-rizs-kukoricas-natur-100g-300x300.png 300w, https:\/\/nias.aranyoldalak.hu\/wp-content\/uploads\/2025\/12\/puffasztott-rizs-kukoricas-natur-100g-150x150.png 150w, https:\/\/nias.aranyoldalak.hu\/wp-content\/uploads\/2025\/12\/puffasztott-rizs-kukoricas-natur-100g-100x100.png 100w, https:\/\/nias.aranyoldalak.hu\/wp-content\/uploads\/2025\/12\/puffasztott-rizs-kukoricas-natur-100g.png 500w\" sizes=\"auto, (max-width: 300px) 100vw, 300px\" \/><\/div>\n\t\t\t\t\t<div class=\"wc-block-grid__product-title\">Puffasztott rizs kukoric\u00e1s NAT\u00daR 100G<\/div>\n\t\t\t\t<\/a>\n\t\t\t\t<div class=\"wc-block-grid__product-price price\"><span class=\"woocommerce-Price-amount amount\">300,00&nbsp;<span class=\"woocommerce-Price-currencySymbol\">&#070;&#116;<\/span><\/span><\/div>\n\t\t\t\t\n\t\t\t\t<div class=\"wp-block-button wc-block-grid__product-add-to-cart\"><a href=\"\/index.php\/wp-json\/wp\/v2\/pages\/8?add-to-cart=79\" aria-label=\"Kos\u00e1rba: &ldquo;Puffasztott rizs kukoric\u00e1s NAT\u00daR 100G&rdquo;\" data-quantity=\"1\" data-product_id=\"79\" data-product_sku=\"\" data-price=\"300\" rel=\"nofollow\" class=\"wp-block-button__link wp-element-button add_to_cart_button ajax_add_to_cart\">Kos\u00e1rba teszem<\/a><\/div>\n\t\t\t<\/li><\/ul><\/div><\/div>\n<\/div>\n","protected":false},"excerpt":{"rendered":"","protected":false},"author":1,"featured_media":0,"parent":0,"menu_order":0,"comment_status":"closed","ping_status":"closed","template":"","meta":{"footnotes":""},"class_list":["post-8","page","type-page","status-publish","hentry"],"yoast_head":"<!-- This site is optimized with the Yoast SEO plugin v26.6 - https:\/\/yoast.com\/wordpress\/plugins\/seo\/ -->\n<title>Kos\u00e1r - Niaswebshop<\/title>\n<meta name=\"robots\" content=\"index, follow, max-snippet:-1, max-image-preview:large, max-video-preview:-1\" \/>\n<link rel=\"canonical\" href=\"https:\/\/nias.aranyoldalak.hu\/index.php\/kosar\/\" \/>\n<meta property=\"og:locale\" content=\"hu_HU\" \/>\n<meta property=\"og:type\" content=\"article\" \/>\n<meta property=\"og:title\" content=\"Kos\u00e1r - Niaswebshop\" \/>\n<meta property=\"og:url\" content=\"https:\/\/nias.aranyoldalak.hu\/index.php\/kosar\/\" \/>\n<meta property=\"og:site_name\" content=\"Niaswebshop\" \/>\n<meta property=\"article:modified_time\" content=\"2026-01-06T09:59:31+00:00\" \/>\n<meta name=\"twitter:card\" content=\"summary_large_image\" \/>\n<script type=\"application\/ld+json\" class=\"yoast-schema-graph\">{\"@context\":\"https:\/\/schema.org\",\"@graph\":[{\"@type\":\"WebPage\",\"@id\":\"https:\/\/nias.aranyoldalak.hu\/index.php\/kosar\/\",\"url\":\"https:\/\/nias.aranyoldalak.hu\/index.php\/kosar\/\",\"name\":\"Kos\u00e1r - Niaswebshop\",\"isPartOf\":{\"@id\":\"https:\/\/nias.aranyoldalak.hu\/#website\"},\"datePublished\":\"2025-12-10T15:01:55+00:00\",\"dateModified\":\"2026-01-06T09:59:31+00:00\",\"breadcrumb\":{\"@id\":\"https:\/\/nias.aranyoldalak.hu\/index.php\/kosar\/#breadcrumb\"},\"inLanguage\":\"hu\",\"potentialAction\":[{\"@type\":\"ReadAction\",\"target\":[\"https:\/\/nias.aranyoldalak.hu\/index.php\/kosar\/\"]}]},{\"@type\":\"BreadcrumbList\",\"@id\":\"https:\/\/nias.aranyoldalak.hu\/index.php\/kosar\/#breadcrumb\",\"itemListElement\":[{\"@type\":\"ListItem\",\"position\":1,\"name\":\"Kezd\u0151lap\",\"item\":\"https:\/\/nias.aranyoldalak.hu\/\"},{\"@type\":\"ListItem\",\"position\":2,\"name\":\"Kos\u00e1r\"}]},{\"@type\":\"WebSite\",\"@id\":\"https:\/\/nias.aranyoldalak.hu\/#website\",\"url\":\"https:\/\/nias.aranyoldalak.hu\/\",\"name\":\"Niaswebshop\",\"description\":\"Ropog\u00f3s, k\u00f6nnyed \u00e9s tele van energi\u00e1val! A puffasztott gabonaszeletek ide\u00e1lis nassolnival\u00f3k b\u00e1rhol, b\u00e1rmikor.\",\"publisher\":{\"@id\":\"https:\/\/nias.aranyoldalak.hu\/#organization\"},\"potentialAction\":[{\"@type\":\"SearchAction\",\"target\":{\"@type\":\"EntryPoint\",\"urlTemplate\":\"https:\/\/nias.aranyoldalak.hu\/?s={search_term_string}\"},\"query-input\":{\"@type\":\"PropertyValueSpecification\",\"valueRequired\":true,\"valueName\":\"search_term_string\"}}],\"inLanguage\":\"hu\"},{\"@type\":\"Organization\",\"@id\":\"https:\/\/nias.aranyoldalak.hu\/#organization\",\"name\":\"Niaswebshop\",\"url\":\"https:\/\/nias.aranyoldalak.hu\/\",\"logo\":{\"@type\":\"ImageObject\",\"inLanguage\":\"hu\",\"@id\":\"https:\/\/nias.aranyoldalak.hu\/#\/schema\/logo\/image\/\",\"url\":\"https:\/\/nias.aranyoldalak.hu\/wp-content\/uploads\/2025\/12\/nias-logo.png\",\"contentUrl\":\"https:\/\/nias.aranyoldalak.hu\/wp-content\/uploads\/2025\/12\/nias-logo.png\",\"width\":200,\"height\":100,\"caption\":\"Niaswebshop\"},\"image\":{\"@id\":\"https:\/\/nias.aranyoldalak.hu\/#\/schema\/logo\/image\/\"}}]}<\/script>\n<!-- \/ Yoast SEO plugin. -->","yoast_head_json":{"title":"Kos\u00e1r - Niaswebshop","robots":{"index":"index","follow":"follow","max-snippet":"max-snippet:-1","max-image-preview":"max-image-preview:large","max-video-preview":"max-video-preview:-1"},"canonical":"https:\/\/nias.aranyoldalak.hu\/index.php\/kosar\/","og_locale":"hu_HU","og_type":"article","og_title":"Kos\u00e1r - Niaswebshop","og_url":"https:\/\/nias.aranyoldalak.hu\/index.php\/kosar\/","og_site_name":"Niaswebshop","article_modified_time":"2026-01-06T09:59:31+00:00","twitter_card":"summary_large_image","schema":{"@context":"https:\/\/schema.org","@graph":[{"@type":"WebPage","@id":"https:\/\/nias.aranyoldalak.hu\/index.php\/kosar\/","url":"https:\/\/nias.aranyoldalak.hu\/index.php\/kosar\/","name":"Kos\u00e1r - Niaswebshop","isPartOf":{"@id":"https:\/\/nias.aranyoldalak.hu\/#website"},"datePublished":"2025-12-10T15:01:55+00:00","dateModified":"2026-01-06T09:59:31+00:00","breadcrumb":{"@id":"https:\/\/nias.aranyoldalak.hu\/index.php\/kosar\/#breadcrumb"},"inLanguage":"hu","potentialAction":[{"@type":"ReadAction","target":["https:\/\/nias.aranyoldalak.hu\/index.php\/kosar\/"]}]},{"@type":"BreadcrumbList","@id":"https:\/\/nias.aranyoldalak.hu\/index.php\/kosar\/#breadcrumb","itemListElement":[{"@type":"ListItem","position":1,"name":"Kezd\u0151lap","item":"https:\/\/nias.aranyoldalak.hu\/"},{"@type":"ListItem","position":2,"name":"Kos\u00e1r"}]},{"@type":"WebSite","@id":"https:\/\/nias.aranyoldalak.hu\/#website","url":"https:\/\/nias.aranyoldalak.hu\/","name":"Niaswebshop","description":"Ropog\u00f3s, k\u00f6nnyed \u00e9s tele van energi\u00e1val! A puffasztott gabonaszeletek ide\u00e1lis nassolnival\u00f3k b\u00e1rhol, b\u00e1rmikor.","publisher":{"@id":"https:\/\/nias.aranyoldalak.hu\/#organization"},"potentialAction":[{"@type":"SearchAction","target":{"@type":"EntryPoint","urlTemplate":"https:\/\/nias.aranyoldalak.hu\/?s={search_term_string}"},"query-input":{"@type":"PropertyValueSpecification","valueRequired":true,"valueName":"search_term_string"}}],"inLanguage":"hu"},{"@type":"Organization","@id":"https:\/\/nias.aranyoldalak.hu\/#organization","name":"Niaswebshop","url":"https:\/\/nias.aranyoldalak.hu\/","logo":{"@type":"ImageObject","inLanguage":"hu","@id":"https:\/\/nias.aranyoldalak.hu\/#\/schema\/logo\/image\/","url":"https:\/\/nias.aranyoldalak.hu\/wp-content\/uploads\/2025\/12\/nias-logo.png","contentUrl":"https:\/\/nias.aranyoldalak.hu\/wp-content\/uploads\/2025\/12\/nias-logo.png","width":200,"height":100,"caption":"Niaswebshop"},"image":{"@id":"https:\/\/nias.aranyoldalak.hu\/#\/schema\/logo\/image\/"}}]}},"_links":{"self":[{"href":"https:\/\/nias.aranyoldalak.hu\/index.php\/wp-json\/wp\/v2\/pages\/8","targetHints":{"allow":["GET"]}}],"collection":[{"href":"https:\/\/nias.aranyoldalak.hu\/index.php\/wp-json\/wp\/v2\/pages"}],"about":[{"href":"https:\/\/nias.aranyoldalak.hu\/index.php\/wp-json\/wp\/v2\/types\/page"}],"author":[{"embeddable":true,"href":"https:\/\/nias.aranyoldalak.hu\/index.php\/wp-json\/wp\/v2\/users\/1"}],"replies":[{"embeddable":true,"href":"https:\/\/nias.aranyoldalak.hu\/index.php\/wp-json\/wp\/v2\/comments?post=8"}],"version-history":[{"count":1,"href":"https:\/\/nias.aranyoldalak.hu\/index.php\/wp-json\/wp\/v2\/pages\/8\/revisions"}],"predecessor-version":[{"id":109,"href":"https:\/\/nias.aranyoldalak.hu\/index.php\/wp-json\/wp\/v2\/pages\/8\/revisions\/109"}],"wp:attachment":[{"href":"https:\/\/nias.aranyoldalak.hu\/index.php\/wp-json\/wp\/v2\/media?parent=8"}],"curies":[{"name":"wp","href":"https:\/\/api.w.org\/{rel}","templated":true}]}}