{"id":90,"date":"2025-12-10T17:16:51","date_gmt":"2025-12-10T17:16:51","guid":{"rendered":"https:\/\/nias.aranyoldalak.hu\/?post_type=product&#038;p=90"},"modified":"2025-12-10T17:57:44","modified_gmt":"2025-12-10T17:57:44","slug":"puffasztott-rizs-kukoricas-sos-100g","status":"publish","type":"product","link":"https:\/\/nias.aranyoldalak.hu\/index.php\/termek\/puffasztott-rizs-kukoricas-sos-100g\/","title":{"rendered":"Puffasztott rizs kukoric\u00e1s S\u00d3S 100G"},"content":{"rendered":"<p>Puffasztott rizs kukoric\u00e1s-szez\u00e1mmagos s\u00f3s, 100g<br \/>\nMin\u0151s\u00e9g\u00e9t meg\u0151rzi: 6 h\u00f3nap<\/p>\n<p>100 g tartalmaz<br \/>\nEnergia: 1471 kJ (347kcal)<\/p>\n<p><strong>\u00d6sszetev\u0151k:<\/strong><\/p>\n<ul>\n<li>\u00e9tkez\u00e9si rizs: 70%<\/li>\n<li>kukorica:29%<\/li>\n<li>szez\u00e1mmag: 0,4%<\/li>\n<li>zs\u00edr: 0,6 g<\/li>\n<li>amelyb\u0151l tel\u00edtett\u00a0zs\u00edrsavak\u00a0\u00a0 0,1 g<\/li>\n<li>sz\u00e9nhidr\u00e1t: 72,8 g, amelyb\u0151l cukrok &lt;0,03 g<\/li>\n<li>s\u00f3: 0,6%<\/li>\n<li>rost: 9,1 g<\/li>\n<li>feh\u00e9rje: 7,8 g<\/li>\n<li>s\u00f3:\u00a0 0,4 g<\/li>\n<\/ul>\n<div id=\"v-0-0-1-0-0-0-4-0-0\" class=\"Ro63Cjq3 RLLoSJtH\" role=\"tablist\" aria-labelledby=\"v-0-0-1-0-0-0\">\n<div id=\"v-0-0-1-0-0-0-4-0-0_tabpanel_description\" class=\"EnYt-VFC\" tabindex=\"0\" role=\"tabpanel\" aria-labelledby=\"v-0-0-1-0-0-0-4-0-0_tab_description\">\n<div class=\"XkvZkKzv\">\n<div class=\"IVYuBDFk\">\n<div>A puffasztott gabonaszeletek el\u0151\u00e1ll\u00edt\u00e1sa magas h\u0151fokon extrud\u00e1l\u00e1ssal t\u00f6rt\u00e9nik, mesters\u00e9ges \u00edzfokoz\u00f3k adal\u00e9kanyagok, tart\u00f3s\u00edt\u00f3szerek hozz\u00e1ad\u00e1sa n\u00e9lk\u00fcl.<\/div>\n<\/div>\n<\/div>\n<\/div>\n<\/div>\n","protected":false},"excerpt":{"rendered":"<p>Puffasztott rizs kukoric\u00e1s-szez\u00e1mmagos s\u00f3s, 100g<br \/>\n<strong>Min\u0151s\u00e9g\u00e9t meg\u0151rzi:<\/strong> 6 h\u00f3nap<\/p>\n","protected":false},"featured_media":98,"template":"","meta":[],"product_brand":[],"product_cat":[15],"product_tag":[22,21,23],"class_list":{"0":"post-90","1":"product","2":"type-product","3":"status-publish","4":"has-post-thumbnail","6":"product_cat-egyeb","7":"product_tag-kukorica","8":"product_tag-rizs","9":"product_tag-sos","11":"first","12":"instock","13":"shipping-taxable","14":"purchasable","15":"product-type-simple"},"yoast_head":"<!-- This site is optimized with the Yoast SEO plugin v26.6 - https:\/\/yoast.com\/wordpress\/plugins\/seo\/ -->\n<title>Puffasztott rizs kukoric\u00e1s S\u00d3S 100G - Niaswebshop<\/title>\n<meta name=\"description\" content=\"Keresel egy k\u00f6nnyed \u00e9s ropog\u00f3s nassolnival\u00f3t? A s\u00f3s puffasztott rizs ide\u00e1lis reggelihez. Pr\u00f3b\u00e1ld ki a 100 g-os kiszerel\u00e9st!\" \/>\n<meta name=\"robots\" content=\"index, follow, max-snippet:-1, max-image-preview:large, max-video-preview:-1\" \/>\n<link rel=\"canonical\" href=\"https:\/\/nias.aranyoldalak.hu\/index.php\/termek\/puffasztott-rizs-kukoricas-sos-100g\/\" \/>\n<meta property=\"og:locale\" content=\"hu_HU\" \/>\n<meta property=\"og:type\" content=\"article\" \/>\n<meta property=\"og:title\" content=\"Puffasztott rizs kukoric\u00e1s S\u00d3S 100G - Niaswebshop\" \/>\n<meta property=\"og:description\" content=\"Keresel egy k\u00f6nnyed \u00e9s ropog\u00f3s nassolnival\u00f3t? A s\u00f3s puffasztott rizs ide\u00e1lis reggelihez. Pr\u00f3b\u00e1ld ki a 100 g-os kiszerel\u00e9st!\" \/>\n<meta property=\"og:url\" content=\"https:\/\/nias.aranyoldalak.hu\/index.php\/termek\/puffasztott-rizs-kukoricas-sos-100g\/\" \/>\n<meta property=\"og:site_name\" content=\"Niaswebshop\" \/>\n<meta property=\"article:modified_time\" content=\"2025-12-10T17:57:44+00:00\" \/>\n<meta property=\"og:image\" content=\"https:\/\/nias.aranyoldalak.hu\/wp-content\/uploads\/2025\/12\/puffasztott-rizs-kukoricas.png\" \/>\n\t<meta property=\"og:image:width\" content=\"500\" \/>\n\t<meta property=\"og:image:height\" content=\"500\" \/>\n\t<meta property=\"og:image:type\" content=\"image\/png\" \/>\n<meta name=\"twitter:card\" content=\"summary_large_image\" \/>\n<meta name=\"twitter:label1\" content=\"Becs\u00fclt olvas\u00e1si id\u0151\" \/>\n\t<meta name=\"twitter:data1\" content=\"1 perc\" \/>\n<script type=\"application\/ld+json\" class=\"yoast-schema-graph\">{\"@context\":\"https:\/\/schema.org\",\"@graph\":[{\"@type\":\"WebPage\",\"@id\":\"https:\/\/nias.aranyoldalak.hu\/index.php\/termek\/puffasztott-rizs-kukoricas-sos-100g\/\",\"url\":\"https:\/\/nias.aranyoldalak.hu\/index.php\/termek\/puffasztott-rizs-kukoricas-sos-100g\/\",\"name\":\"Puffasztott rizs kukoric\u00e1s S\u00d3S 100G - Niaswebshop\",\"isPartOf\":{\"@id\":\"https:\/\/nias.aranyoldalak.hu\/#website\"},\"primaryImageOfPage\":{\"@id\":\"https:\/\/nias.aranyoldalak.hu\/index.php\/termek\/puffasztott-rizs-kukoricas-sos-100g\/#primaryimage\"},\"image\":{\"@id\":\"https:\/\/nias.aranyoldalak.hu\/index.php\/termek\/puffasztott-rizs-kukoricas-sos-100g\/#primaryimage\"},\"thumbnailUrl\":\"https:\/\/nias.aranyoldalak.hu\/wp-content\/uploads\/2025\/12\/puffasztott-rizs-kukoricas.png\",\"datePublished\":\"2025-12-10T17:16:51+00:00\",\"dateModified\":\"2025-12-10T17:57:44+00:00\",\"description\":\"Keresel egy k\u00f6nnyed \u00e9s ropog\u00f3s nassolnival\u00f3t? A s\u00f3s puffasztott rizs ide\u00e1lis reggelihez. Pr\u00f3b\u00e1ld ki a 100 g-os kiszerel\u00e9st!\",\"breadcrumb\":{\"@id\":\"https:\/\/nias.aranyoldalak.hu\/index.php\/termek\/puffasztott-rizs-kukoricas-sos-100g\/#breadcrumb\"},\"inLanguage\":\"hu\",\"potentialAction\":[{\"@type\":\"ReadAction\",\"target\":[\"https:\/\/nias.aranyoldalak.hu\/index.php\/termek\/puffasztott-rizs-kukoricas-sos-100g\/\"]}]},{\"@type\":\"ImageObject\",\"inLanguage\":\"hu\",\"@id\":\"https:\/\/nias.aranyoldalak.hu\/index.php\/termek\/puffasztott-rizs-kukoricas-sos-100g\/#primaryimage\",\"url\":\"https:\/\/nias.aranyoldalak.hu\/wp-content\/uploads\/2025\/12\/puffasztott-rizs-kukoricas.png\",\"contentUrl\":\"https:\/\/nias.aranyoldalak.hu\/wp-content\/uploads\/2025\/12\/puffasztott-rizs-kukoricas.png\",\"width\":500,\"height\":500,\"caption\":\"Puffasztott rizs kukoric\u00e1s S\u00d3S 100G\"},{\"@type\":\"BreadcrumbList\",\"@id\":\"https:\/\/nias.aranyoldalak.hu\/index.php\/termek\/puffasztott-rizs-kukoricas-sos-100g\/#breadcrumb\",\"itemListElement\":[{\"@type\":\"ListItem\",\"position\":1,\"name\":\"Kezd\u0151lap\",\"item\":\"https:\/\/nias.aranyoldalak.hu\/\"},{\"@type\":\"ListItem\",\"position\":2,\"name\":\"\u00dczlet\",\"item\":\"https:\/\/nias.aranyoldalak.hu\/\"},{\"@type\":\"ListItem\",\"position\":3,\"name\":\"Puffasztott rizs kukoric\u00e1s S\u00d3S 100G\"}]},{\"@type\":\"WebSite\",\"@id\":\"https:\/\/nias.aranyoldalak.hu\/#website\",\"url\":\"https:\/\/nias.aranyoldalak.hu\/\",\"name\":\"Niaswebshop\",\"description\":\"Ropog\u00f3s, k\u00f6nnyed \u00e9s tele van energi\u00e1val! A puffasztott gabonaszeletek ide\u00e1lis nassolnival\u00f3k b\u00e1rhol, b\u00e1rmikor.\",\"publisher\":{\"@id\":\"https:\/\/nias.aranyoldalak.hu\/#organization\"},\"potentialAction\":[{\"@type\":\"SearchAction\",\"target\":{\"@type\":\"EntryPoint\",\"urlTemplate\":\"https:\/\/nias.aranyoldalak.hu\/?s={search_term_string}\"},\"query-input\":{\"@type\":\"PropertyValueSpecification\",\"valueRequired\":true,\"valueName\":\"search_term_string\"}}],\"inLanguage\":\"hu\"},{\"@type\":\"Organization\",\"@id\":\"https:\/\/nias.aranyoldalak.hu\/#organization\",\"name\":\"Niaswebshop\",\"url\":\"https:\/\/nias.aranyoldalak.hu\/\",\"logo\":{\"@type\":\"ImageObject\",\"inLanguage\":\"hu\",\"@id\":\"https:\/\/nias.aranyoldalak.hu\/#\/schema\/logo\/image\/\",\"url\":\"https:\/\/nias.aranyoldalak.hu\/wp-content\/uploads\/2025\/12\/nias-logo.png\",\"contentUrl\":\"https:\/\/nias.aranyoldalak.hu\/wp-content\/uploads\/2025\/12\/nias-logo.png\",\"width\":200,\"height\":100,\"caption\":\"Niaswebshop\"},\"image\":{\"@id\":\"https:\/\/nias.aranyoldalak.hu\/#\/schema\/logo\/image\/\"}}]}<\/script>\n<!-- \/ Yoast SEO plugin. -->","yoast_head_json":{"title":"Puffasztott rizs kukoric\u00e1s S\u00d3S 100G - Niaswebshop","description":"Keresel egy k\u00f6nnyed \u00e9s ropog\u00f3s nassolnival\u00f3t? A s\u00f3s puffasztott rizs ide\u00e1lis reggelihez. Pr\u00f3b\u00e1ld ki a 100 g-os kiszerel\u00e9st!","robots":{"index":"index","follow":"follow","max-snippet":"max-snippet:-1","max-image-preview":"max-image-preview:large","max-video-preview":"max-video-preview:-1"},"canonical":"https:\/\/nias.aranyoldalak.hu\/index.php\/termek\/puffasztott-rizs-kukoricas-sos-100g\/","og_locale":"hu_HU","og_type":"article","og_title":"Puffasztott rizs kukoric\u00e1s S\u00d3S 100G - Niaswebshop","og_description":"Keresel egy k\u00f6nnyed \u00e9s ropog\u00f3s nassolnival\u00f3t? A s\u00f3s puffasztott rizs ide\u00e1lis reggelihez. Pr\u00f3b\u00e1ld ki a 100 g-os kiszerel\u00e9st!","og_url":"https:\/\/nias.aranyoldalak.hu\/index.php\/termek\/puffasztott-rizs-kukoricas-sos-100g\/","og_site_name":"Niaswebshop","article_modified_time":"2025-12-10T17:57:44+00:00","og_image":[{"width":500,"height":500,"url":"https:\/\/nias.aranyoldalak.hu\/wp-content\/uploads\/2025\/12\/puffasztott-rizs-kukoricas.png","type":"image\/png"}],"twitter_card":"summary_large_image","twitter_misc":{"Becs\u00fclt olvas\u00e1si id\u0151":"1 perc"},"schema":{"@context":"https:\/\/schema.org","@graph":[{"@type":"WebPage","@id":"https:\/\/nias.aranyoldalak.hu\/index.php\/termek\/puffasztott-rizs-kukoricas-sos-100g\/","url":"https:\/\/nias.aranyoldalak.hu\/index.php\/termek\/puffasztott-rizs-kukoricas-sos-100g\/","name":"Puffasztott rizs kukoric\u00e1s S\u00d3S 100G - Niaswebshop","isPartOf":{"@id":"https:\/\/nias.aranyoldalak.hu\/#website"},"primaryImageOfPage":{"@id":"https:\/\/nias.aranyoldalak.hu\/index.php\/termek\/puffasztott-rizs-kukoricas-sos-100g\/#primaryimage"},"image":{"@id":"https:\/\/nias.aranyoldalak.hu\/index.php\/termek\/puffasztott-rizs-kukoricas-sos-100g\/#primaryimage"},"thumbnailUrl":"https:\/\/nias.aranyoldalak.hu\/wp-content\/uploads\/2025\/12\/puffasztott-rizs-kukoricas.png","datePublished":"2025-12-10T17:16:51+00:00","dateModified":"2025-12-10T17:57:44+00:00","description":"Keresel egy k\u00f6nnyed \u00e9s ropog\u00f3s nassolnival\u00f3t? A s\u00f3s puffasztott rizs ide\u00e1lis reggelihez. Pr\u00f3b\u00e1ld ki a 100 g-os kiszerel\u00e9st!","breadcrumb":{"@id":"https:\/\/nias.aranyoldalak.hu\/index.php\/termek\/puffasztott-rizs-kukoricas-sos-100g\/#breadcrumb"},"inLanguage":"hu","potentialAction":[{"@type":"ReadAction","target":["https:\/\/nias.aranyoldalak.hu\/index.php\/termek\/puffasztott-rizs-kukoricas-sos-100g\/"]}]},{"@type":"ImageObject","inLanguage":"hu","@id":"https:\/\/nias.aranyoldalak.hu\/index.php\/termek\/puffasztott-rizs-kukoricas-sos-100g\/#primaryimage","url":"https:\/\/nias.aranyoldalak.hu\/wp-content\/uploads\/2025\/12\/puffasztott-rizs-kukoricas.png","contentUrl":"https:\/\/nias.aranyoldalak.hu\/wp-content\/uploads\/2025\/12\/puffasztott-rizs-kukoricas.png","width":500,"height":500,"caption":"Puffasztott rizs kukoric\u00e1s S\u00d3S 100G"},{"@type":"BreadcrumbList","@id":"https:\/\/nias.aranyoldalak.hu\/index.php\/termek\/puffasztott-rizs-kukoricas-sos-100g\/#breadcrumb","itemListElement":[{"@type":"ListItem","position":1,"name":"Kezd\u0151lap","item":"https:\/\/nias.aranyoldalak.hu\/"},{"@type":"ListItem","position":2,"name":"\u00dczlet","item":"https:\/\/nias.aranyoldalak.hu\/"},{"@type":"ListItem","position":3,"name":"Puffasztott rizs kukoric\u00e1s S\u00d3S 100G"}]},{"@type":"WebSite","@id":"https:\/\/nias.aranyoldalak.hu\/#website","url":"https:\/\/nias.aranyoldalak.hu\/","name":"Niaswebshop","description":"Ropog\u00f3s, k\u00f6nnyed \u00e9s tele van energi\u00e1val! A puffasztott gabonaszeletek ide\u00e1lis nassolnival\u00f3k b\u00e1rhol, b\u00e1rmikor.","publisher":{"@id":"https:\/\/nias.aranyoldalak.hu\/#organization"},"potentialAction":[{"@type":"SearchAction","target":{"@type":"EntryPoint","urlTemplate":"https:\/\/nias.aranyoldalak.hu\/?s={search_term_string}"},"query-input":{"@type":"PropertyValueSpecification","valueRequired":true,"valueName":"search_term_string"}}],"inLanguage":"hu"},{"@type":"Organization","@id":"https:\/\/nias.aranyoldalak.hu\/#organization","name":"Niaswebshop","url":"https:\/\/nias.aranyoldalak.hu\/","logo":{"@type":"ImageObject","inLanguage":"hu","@id":"https:\/\/nias.aranyoldalak.hu\/#\/schema\/logo\/image\/","url":"https:\/\/nias.aranyoldalak.hu\/wp-content\/uploads\/2025\/12\/nias-logo.png","contentUrl":"https:\/\/nias.aranyoldalak.hu\/wp-content\/uploads\/2025\/12\/nias-logo.png","width":200,"height":100,"caption":"Niaswebshop"},"image":{"@id":"https:\/\/nias.aranyoldalak.hu\/#\/schema\/logo\/image\/"}}]}},"_links":{"self":[{"href":"https:\/\/nias.aranyoldalak.hu\/index.php\/wp-json\/wp\/v2\/product\/90","targetHints":{"allow":["GET"]}}],"collection":[{"href":"https:\/\/nias.aranyoldalak.hu\/index.php\/wp-json\/wp\/v2\/product"}],"about":[{"href":"https:\/\/nias.aranyoldalak.hu\/index.php\/wp-json\/wp\/v2\/types\/product"}],"wp:featuredmedia":[{"embeddable":true,"href":"https:\/\/nias.aranyoldalak.hu\/index.php\/wp-json\/wp\/v2\/media\/98"}],"wp:attachment":[{"href":"https:\/\/nias.aranyoldalak.hu\/index.php\/wp-json\/wp\/v2\/media?parent=90"}],"wp:term":[{"taxonomy":"product_brand","embeddable":true,"href":"https:\/\/nias.aranyoldalak.hu\/index.php\/wp-json\/wp\/v2\/product_brand?post=90"},{"taxonomy":"product_cat","embeddable":true,"href":"https:\/\/nias.aranyoldalak.hu\/index.php\/wp-json\/wp\/v2\/product_cat?post=90"},{"taxonomy":"product_tag","embeddable":true,"href":"https:\/\/nias.aranyoldalak.hu\/index.php\/wp-json\/wp\/v2\/product_tag?post=90"}],"curies":[{"name":"wp","href":"https:\/\/api.w.org\/{rel}","templated":true}]}}